{"id":9,"date":"2021-03-02T19:41:02","date_gmt":"2021-03-02T19:41:02","guid":{"rendered":"https:\/\/ismetyavascaoglu.com\/?page_id=9"},"modified":"2021-03-03T06:21:41","modified_gmt":"2021-03-03T06:21:41","slug":"iletisim-bilgileri","status":"publish","type":"page","link":"https:\/\/ismetyavascaoglu.com\/index.php\/iletisim-bilgileri\/","title":{"rendered":"\u0130leti\u015fim Bilgileri"},"content":{"rendered":"\n<p>Prof.Dr. \u0130SMET YAVA\u015eCAO\u011eLU<\/p>\n\n\n\n<p>B\u00f6l\u00fcm:&nbsp;Cerrahi Bilimler<\/p>\n\n\n\n<p>Anabilim Dal\u0131:&nbsp;\u00dcrolojiAnabilim Dal\u0131 Ba\u015fkan\u0131<\/p>\n\n\n\n<p>E-Posta:&nbsp;<a href=\"mailto:ismet@uludag.edu.tr\">ismet@uludag.edu.tr<\/a><\/p>\n\n\n\n<p>Telefon:&nbsp;+90 (0506) 244 19 19<\/p>\n\n\n\n<p>Adres:&nbsp;<\/p>\n\n\n\n<p>FSM bulvar\u0131 ya\u011fmur sk no 14 A blok. Kat 6 d 11. Cadde 224 sitesi Nil\u00fcfer Bursa<\/p>\n\n\n\n<h2 class=\"wp-block-heading\"><\/h2>\n\n\n\n<ul class=\"wp-block-list\"><li><\/li><\/ul>\n","protected":false},"excerpt":{"rendered":"<p>Prof.Dr. \u0130SMET YAVA\u015eCAO\u011eLU B\u00f6l\u00fcm:&nbsp;Cerrahi Bilimler Anabilim Dal\u0131:&nbsp;\u00dcrolojiAnabilim Dal\u0131 Ba\u015fkan\u0131 E-Posta:&nbsp;ismet@uludag.edu.tr Telefon:&nbsp;+90 (0506) 244 19 19 Adres:&nbsp; FSM bulvar\u0131 ya\u011fmur sk no 14 A blok. Kat 6 d 11. Cadde 224 sitesi Nil\u00fcfer Bursa<\/p>\n","protected":false},"author":1,"featured_media":0,"parent":0,"menu_order":0,"comment_status":"closed","ping_status":"closed","template":"","meta":{"footnotes":""},"class_list":["post-9","page","type-page","status-publish","hentry"],"yoast_head":"<!-- This site is optimized with the Yoast SEO plugin v15.9 - https:\/\/yoast.com\/wordpress\/plugins\/seo\/ -->\n<title>\u0130leti\u015fim Bilgileri - Prof.Dr. \u0130smet Yava\u015fcao\u011flu<\/title>\n<meta name=\"robots\" content=\"index, follow, max-snippet:-1, max-image-preview:large, max-video-preview:-1\" \/>\n<link rel=\"canonical\" href=\"https:\/\/ismetyavascaoglu.com\/index.php\/iletisim-bilgileri\/\" \/>\n<meta property=\"og:locale\" content=\"tr_TR\" \/>\n<meta property=\"og:type\" content=\"article\" \/>\n<meta property=\"og:title\" content=\"\u0130leti\u015fim Bilgileri - Prof.Dr. \u0130smet Yava\u015fcao\u011flu\" \/>\n<meta property=\"og:description\" content=\"Prof.Dr. \u0130SMET YAVA\u015eCAO\u011eLU B\u00f6l\u00fcm:&nbsp;Cerrahi Bilimler Anabilim Dal\u0131:&nbsp;\u00dcrolojiAnabilim Dal\u0131 Ba\u015fkan\u0131 E-Posta:&nbsp;ismet@uludag.edu.tr Telefon:&nbsp;+90 (0506) 244 19 19 Adres:&nbsp; FSM bulvar\u0131 ya\u011fmur sk no 14 A blok. Kat 6 d 11. Cadde 224 sitesi Nil\u00fcfer Bursa\" \/>\n<meta property=\"og:url\" content=\"https:\/\/ismetyavascaoglu.com\/index.php\/iletisim-bilgileri\/\" \/>\n<meta property=\"og:site_name\" content=\"Prof.Dr. \u0130smet Yava\u015fcao\u011flu\" \/>\n<meta property=\"article:modified_time\" content=\"2021-03-03T06:21:41+00:00\" \/>\n<meta name=\"twitter:card\" content=\"summary_large_image\" \/>\n<meta name=\"twitter:label1\" content=\"Tahmini okuma s\u00fcresi\">\n\t<meta name=\"twitter:data1\" content=\"1 dakika\">\n<script type=\"application\/ld+json\" class=\"yoast-schema-graph\">{\"@context\":\"https:\/\/schema.org\",\"@graph\":[{\"@type\":\"WebSite\",\"@id\":\"https:\/\/ismetyavascaoglu.com\/#website\",\"url\":\"https:\/\/ismetyavascaoglu.com\/\",\"name\":\"Prof.Dr. \\u0130smet Yava\\u015fcao\\u011flu\",\"description\":\"\\u00dcroloji Uzman\\u0131\",\"potentialAction\":[{\"@type\":\"SearchAction\",\"target\":\"https:\/\/ismetyavascaoglu.com\/?s={search_term_string}\",\"query-input\":\"required name=search_term_string\"}],\"inLanguage\":\"tr\"},{\"@type\":\"WebPage\",\"@id\":\"https:\/\/ismetyavascaoglu.com\/index.php\/iletisim-bilgileri\/#webpage\",\"url\":\"https:\/\/ismetyavascaoglu.com\/index.php\/iletisim-bilgileri\/\",\"name\":\"\\u0130leti\\u015fim Bilgileri - Prof.Dr. \\u0130smet Yava\\u015fcao\\u011flu\",\"isPartOf\":{\"@id\":\"https:\/\/ismetyavascaoglu.com\/#website\"},\"datePublished\":\"2021-03-02T19:41:02+00:00\",\"dateModified\":\"2021-03-03T06:21:41+00:00\",\"breadcrumb\":{\"@id\":\"https:\/\/ismetyavascaoglu.com\/index.php\/iletisim-bilgileri\/#breadcrumb\"},\"inLanguage\":\"tr\",\"potentialAction\":[{\"@type\":\"ReadAction\",\"target\":[\"https:\/\/ismetyavascaoglu.com\/index.php\/iletisim-bilgileri\/\"]}]},{\"@type\":\"BreadcrumbList\",\"@id\":\"https:\/\/ismetyavascaoglu.com\/index.php\/iletisim-bilgileri\/#breadcrumb\",\"itemListElement\":[{\"@type\":\"ListItem\",\"position\":1,\"item\":{\"@type\":\"WebPage\",\"@id\":\"https:\/\/ismetyavascaoglu.com\/\",\"url\":\"https:\/\/ismetyavascaoglu.com\/\",\"name\":\"Anasayfa\"}},{\"@type\":\"ListItem\",\"position\":2,\"item\":{\"@type\":\"WebPage\",\"@id\":\"https:\/\/ismetyavascaoglu.com\/index.php\/iletisim-bilgileri\/\",\"url\":\"https:\/\/ismetyavascaoglu.com\/index.php\/iletisim-bilgileri\/\",\"name\":\"\\u0130leti\\u015fim Bilgileri\"}}]}]}<\/script>\n<!-- \/ Yoast SEO plugin. -->","_links":{"self":[{"href":"https:\/\/ismetyavascaoglu.com\/index.php\/wp-json\/wp\/v2\/pages\/9","targetHints":{"allow":["GET"]}}],"collection":[{"href":"https:\/\/ismetyavascaoglu.com\/index.php\/wp-json\/wp\/v2\/pages"}],"about":[{"href":"https:\/\/ismetyavascaoglu.com\/index.php\/wp-json\/wp\/v2\/types\/page"}],"author":[{"embeddable":true,"href":"https:\/\/ismetyavascaoglu.com\/index.php\/wp-json\/wp\/v2\/users\/1"}],"replies":[{"embeddable":true,"href":"https:\/\/ismetyavascaoglu.com\/index.php\/wp-json\/wp\/v2\/comments?post=9"}],"version-history":[{"count":3,"href":"https:\/\/ismetyavascaoglu.com\/index.php\/wp-json\/wp\/v2\/pages\/9\/revisions"}],"predecessor-version":[{"id":35,"href":"https:\/\/ismetyavascaoglu.com\/index.php\/wp-json\/wp\/v2\/pages\/9\/revisions\/35"}],"wp:attachment":[{"href":"https:\/\/ismetyavascaoglu.com\/index.php\/wp-json\/wp\/v2\/media?parent=9"}],"curies":[{"name":"wp","href":"https:\/\/api.w.org\/{rel}","templated":true}]}}